{"id":1191,"date":"2023-11-20T16:35:15","date_gmt":"2023-11-20T13:35:15","guid":{"rendered":"https:\/\/www.loophotel.aero\/internal-rules\/"},"modified":"2025-03-25T14:46:29","modified_gmt":"2025-03-25T11:46:29","slug":"vidaus-tvarkos-taisykles","status":"publish","type":"page","link":"https:\/\/www.loophotel.aero\/lt\/vidaus-tvarkos-taisykles\/","title":{"rendered":"Vidaus tvarkos taisykl\u0117s"},"content":{"rendered":"<p><strong>\u201eLOOP\u201c VIE\u0160BU\u010cIO VIDAUS TVARKOS TAISYKL\u0116S<\/strong><\/p>\n<p>\u0160ias vidaus tvarkos taisykles nustato UAB \u201eLoop Holding\u201c, vie\u0161bu\u010dio \u201eLoop\u201c, esan\u010dio Dariaus ir Gir\u0117no g. 21, Vilniuje, paslaug\u0173 teikimo tvarka ir s\u0105lygos.<\/p>\n<p>&nbsp;<\/p>\n<p><strong>BENDROSIOS NUOSTATOS<\/strong><\/p>\n<ul>\n<li>Vie\u0161butis \u201eLoop\u201c \u2013 tai poilsio vieta, kurioje teikiamos apgyvendinimo, maitinimo, konferencij\u0173, \u0161ven\u010di\u0173 ir kit\u0173 rengini\u0173 organizavimo paslaugos.<\/li>\n<li>Vie\u0161bu\u010dio sve\u010dias yra kiekvienas vie\u0161butyje \u201eLoop\u201c apgyvendintas ir pagal vidines taisykles u\u017eregistruotas asmuo.<\/li>\n<li>\u0160ios vidin\u0117s tvarkos taisykl\u0117s nustato vie\u0161bu\u010dio sve\u010di\u0173 pareigas ir teises, kol jie naudojasi vie\u0161bu\u010dio paslaugomis ir sve\u010di\u0173 aptarnavimo proced\u016bromis.<\/li>\n<li>\u0160ios taisykl\u0117s privalomos visiems vie\u0161bu\u010dio sve\u010diams: sve\u010diai \u012fsipareigoja bes\u0105lygi\u0161kai j\u0173 laikytis ir u\u017etikrinti, kad su jais atvyk\u0119 asmenys taip pat j\u0173 laikyt\u0173si.<\/li>\n<li>Vie\u0161butyje u\u017eregistruotas asmuo yra atsakingas u\u017e taisykli\u0173 ne\u017einojimo ar nesilaikymo pasekmes.<\/li>\n<li>Vie\u0161bu\u010dio teikiam\u0173 paslaug\u0173 kainos (\u012fskaitant PVM) ir mok\u0117jimo tvarka bei s\u0105lygos yra nurodytos \u201eVie\u0161bu\u010dio paslaug\u0173 teikimo sutartyje\u201c, individualiuose susitarimuose ir pasi\u016blymuose, vie\u0161bu\u010dio internetin\u0117je svetain\u0117je ir kitoje oficialioje vie\u0161bu\u010dio reklamin\u0117je ir informacin\u0117je med\u017eiagoje.<\/li>\n<li>Vie\u0161bu\u010dio darbuotojai turi teis\u0119 nepriimti asmen\u0173, kuri\u0173 elgesys yra netinkamas, prie\u0161taraujantis vie\u0161ajai tvarkai ir kitoms visuomen\u0117je priimtinoms elgesio normoms.<\/li>\n<li>Vie\u0161bu\u010dio paslaugos n\u0117ra teikiamos asmenims, kurie atsisako laikytis vie\u0161bu\u010dio taisykli\u0173.<\/li>\n<li>Vie\u0161bu\u010dio administracija turi teis\u0119 pa\u0161alinti i\u0161 teritorijos sve\u010dius, kurie po pirmo \u012fsp\u0117jimo ir toliau pa\u017eeidin\u0117ja taisykles.<\/li>\n<li>Norint u\u017etikrinti saugum\u0105, bendri kambariai ir vie\u0161bu\u010dio erdv\u0117s yra filmuojamos vaizdo kameromis.<\/li>\n<li>Vie\u0161bu\u010dio sve\u010dias privalo kompensuoti \u017eal\u0105, padaryt\u0105 vie\u0161bu\u010dio turtui ir tre\u010diosioms \u0161alims pagal proced\u016br\u0105, numatyt\u0105 Lietuvos Respublikos teis\u0117s aktuose.<\/li>\n<li>Draud\u017eiama vie\u0161bu\u010dio kambariuose ar bendrose erdv\u0117se palikti nepri\u017ei\u016brimus ma\u017eus vaikus.<\/li>\n<\/ul>\n<p>&nbsp;<\/p>\n<p><strong>APGYVENDINIMAS<\/strong><\/p>\n<ul>\n<li>Kiekvienas atvykstantis asmuo privalo tur\u0117ti galiojant\u012f asmens tapatyb\u0119 patvirtinant\u012f dokument\u0105.<\/li>\n<li>Atvyk\u0119s asmuo privalo galiojan\u010diais duomenimis u\u017epildyti sve\u010dio informacin\u0119 kortel\u0119.<\/li>\n<li>Atvykimo laikas yra nuo 14:00 val., i\u0161vykimo laikas \u2013 iki 12:00 val.<\/li>\n<li>Jei mok\u0117jimas nebuvo atliktas prie\u0161 atvykim\u0105 pagal i\u0161ankstin\u0119 s\u0105skait\u0105, sve\u010dias privalo apmok\u0117ti s\u0105skait\u0105 atvykimo dien\u0105. U\u017e suteiktas paslaugas (i\u0161skyrus apgyvendinim\u0105) galima sumok\u0117ti i\u0161 karto po j\u0173 suteikimo, mok\u0117tina suma taip pat gali b\u016bti prid\u0117ta prie s\u0105skaitos u\u017e kambar\u012f.<\/li>\n<li>Apgyvendinimo mokestis mokamas pagal kainas, nurodytas dabartinio periodo kainyne (EUR), t. y., pagal bendradarbiavimo susitarim\u0105 arba dabartin\u0119 dienos kain\u0105. Vie\u0161butis pasilieka teis\u0119 pakeisti paslaug\u0173 kainas savo nuo\u017ei\u016bra.<\/li>\n<li>Atsi\u017evelgiant \u012f vie\u0161bu\u010dio u\u017eimtum\u0105, sve\u010diams gali b\u016bti suteikta galimyb\u0117 i\u0161vykti v\u0117liau u\u017e papildom\u0105 mokest\u012f:<\/li>\n<\/ul>\n<ol>\n<li style=\"list-style-type: none;\">\n<ul>\n<li style=\"list-style-type: none;\">\n<ul>\n<li style=\"text-align: left;\">I\u0161vykstant iki 17:00 val. taikomas papildomas mokestis, lygus pusei nakties kainos.<\/li>\n<li style=\"text-align: left;\">I\u0161vykstant po 17:00 val. taikomas pilnos nakties kainos mokestis.<\/li>\n<\/ul>\n<\/li>\n<\/ul>\n<\/li>\n<\/ol>\n<ul>\n<li>At\u0161aukimo \/ neatvykimo mokestis taikomas jeigu rezervacija yra at\u0161aukiama, sutrumpinama arba sve\u010dias neatvyksta.<\/li>\n<li>Sve\u010diai, kurie vie\u0161i trumpiau, nei 24 valandas, turi mok\u0117ti pilnos paros kain\u0105, nepriklausomai nuo atvykimo laiko.<\/li>\n<li>Sve\u010diai, vie\u0161intys vie\u0161butyje, turi sumok\u0117ti Vilniaus miesto mokest\u012f \u2013 2 EUR per dien\u0105 vienam asmeniui (nuo 18 met\u0173 am\u017eiaus) (yra i\u0161im\u010di\u0173).<\/li>\n<li>Tik asmenys, u\u017eregistruoti vie\u0161bu\u010dio registrat\u016broje, gali vie\u0161\u0117ti kambariuose. Sve\u010diai privalo mok\u0117ti u\u017e visus kambaryje esan\u010dius asmenis. U\u017e papildomus asmenis taikomas papildomas mokestis.<\/li>\n<li>Sve\u010diai, vie\u0161intys kambaryje (-iuose) po 22:00 val., privalo u\u017esiregistruoti \u201eLoop\u201c vie\u0161bu\u010dio registrat\u016broje su asmens tapatyb\u0119 patvirtinan\u010diu dokumentu ir sumok\u0117ti u\u017e vie\u0161nag\u0119 arba palikti vie\u0161but\u012f.<\/li>\n<li>Asmuo, rezervav\u0119s kambar\u012f (-ius) yra atsakingas u\u017e vis\u0173, kambaryje (-iuose) gyvenan\u010di\u0173 asmen\u0173 elges\u012f ir taisykli\u0173 laikym\u0105si.<\/li>\n<li>Sve\u010dias, kuris patyr\u0117 turtin\u0119 ir (arba) neturtin\u0119 \u017eal\u0105 privalo nedelsiant prane\u0161ti apie tai vie\u0161bu\u010dio registrat\u016brai, nurodydamas \u012fvykio viet\u0105 ir aplinkybes. Jeigu sve\u010dias nesilaiko \u0161ios taisykl\u0117s, v\u0117lesni skundai nebus nagrin\u0117jami.<\/li>\n<li>I\u0161siregistruodamas, sve\u010dias darbuotojams privalo sugr\u0105\u017einti vie\u0161bu\u010dio inventori\u0173. \u017dalos ar praradimo atveju, sve\u010dias privalo kompensuoti inventoriaus kain\u0105. Jeigu kiti sve\u010diai negali b\u016bti apgyvendinti kambaryje d\u0117l padarytos \u017ealos, \u017eal\u0105 padar\u0119s sve\u010dias tur\u0117s mok\u0117ti vis\u0105 kambario kain\u0105 \u017ealos \u0161alinimo laikotarpiu.<\/li>\n<li>Jeigu sve\u010dias nei\u0161siregistruoja i\u0161 vie\u0161bu\u010dio iki sutarto i\u0161vykimo laiko ir n\u0117ra galimyb\u0117s su juo susisiekti arba jeigu sve\u010dias piktybi\u0161kai nemoka u\u017e paslaugas ir nei\u0161eina i\u0161 kambario administracijai papra\u0161ius \u2013 administracija pasiliek\u0105 teis\u0119 perkelti daiktus i\u0161 kambario \u012f kitas apsaugotas vie\u0161bu\u010dio vietas.<\/li>\n<li>Vie\u0161butis neatsako u\u017e daiktus, paliktus sve\u010dio kambaryje. Sve\u010diai gali palikti brangius daiktus ar pinigus kambariuose esan\u010diuose seifuose arba bendrame seife, esan\u010diame vie\u0161bu\u010dio registrat\u016broje.<\/li>\n<li>Vie\u0161bu\u010dio sve\u010diai turi informuoti vie\u0161bu\u010dio administracij\u0105 apie pasteb\u0117tus techninius gedimus arba paslaug\u0173 kokyb\u0119, kitu atveju vie\u0161butis n\u0117ra atsakingas.<\/li>\n<li>Administracija turi teis\u0119 \u012feiti \u012f sve\u010di\u0173 kambarius, nor\u0117dama u\u017etikrinti saugum\u0105. Prireikus &#8211; kviesti greit\u0105j\u0105 pagalb\u0105.<\/li>\n<li>Vie\u0161bu\u010dio registrat\u016bra dirba 24\/7.<\/li>\n<li>Be sve\u010di\u0173 sutikimo, vie\u0161bu\u010dio administratoriui u\u017edrausta tre\u010diosioms \u0161alims teikti bet koki\u0105 informacij\u0105 apie sve\u010dius.<\/li>\n<li>Nuo 22:00 iki 06:00 val. vie\u0161butyje yra ramyb\u0117s metas. \u0160is laikas vie\u0161bu\u010dio administracijos gali b\u016bti pakeistas. Ramyb\u0117s metu neleid\u017eiama triuk\u0161mauti arba kitaip trikdyti vie\u0161bu\u010dio sve\u010di\u0173 ramyb\u0119.<\/li>\n<li>R\u016bkymas vie\u0161bu\u010dio kambariuose ir bendrose zonose yra grie\u017etai draud\u017eiamas. Administracinis mokestis u\u017e r\u016bkym\u0105 kambariuose ir vie\u0161osiose erdv\u0117se \u2013 1 500 EUR asmeniui.<\/li>\n<li>Draud\u017eiama vie\u0161bu\u010dio kambariuose laikyti dvira\u010dius ir paspirtukus.<\/li>\n<li>Vie\u0161bu\u010dio kambariai yra valomi kasdien tarp 07:00 ir 18:00 val.<\/li>\n<li>Vie\u0161bu\u010dio lov\u0173 patalyn\u0117 yra kei\u010diama kas tris dienas, o sve\u010diams, kurie vie\u0161i ilgiau nei 30 kalendorini\u0173 dien\u0173 \u2013 kart\u0105 per savait\u0119. Rank\u0161luos\u010diai ir chalatai pakei\u010diami sve\u010diui papra\u0161ius.<\/li>\n<li>Draud\u017eiama perstumdyti baldus (be administracijos patvirtinimo).<\/li>\n<li>Sve\u010diai su augintiniais priimami (papildomas mokestis &#8211; 15 \u20ac per dien\u0105).<\/li>\n<li>Daiktai, pamesti sve\u010di\u0173 ir rasti darbuotoj\u0173 arba kit\u0173 sve\u010di\u0173, yra perduodami kambari\u0173 aptarnavimo personalui. Vie\u0161butis \u012fsipareigoja laikyti rastus (paliktus) sve\u010di\u0173 daiktus 30 dien\u0173 nuo sve\u010dio i\u0161vykimo dienos. Higieniniai produktai, apatiniai ir kiti pana\u0161\u016bs daiktai n\u0117ra laikomi ir i\u0161metami po sve\u010dio i\u0161vykimo. Sve\u010diui ra\u0161ti\u0161kai papra\u0161ius, daiktai, priklausantys jam ir laikomi vie\u0161butyje, gali b\u016bti i\u0161si\u0173sti pa\u0161tu arba kitaip perduodami, jeigu sve\u010dias sutinka apmok\u0117ti prek\u0117s(-i\u0173) siuntimo i\u0161laidas.<\/li>\n<li>Vie\u0161butis n\u0117ra atsakingas u\u017e sve\u010di\u0173 asmeninius daiktus, paliktus vie\u0161bu\u010dio teritorijoje.<\/li>\n<\/ul>\n<p>Vie\u0161bu\u010dio personalas n\u0117ra atsakingas u\u017e nepri\u017ei\u016brimus vaikus.<\/p>\n<p>&nbsp;<\/p>\n<p><strong>VAIKAI IR PAPILDOMI ASMENYS<\/strong><\/p>\n<ul>\n<li>Vaikas \u2013 jaunesnis nei 18 met\u0173 asmuo.<\/li>\n<li>Vaikai gali naudotis paslaugomis tik kartu su t\u0117vais, kurie juos pri\u017ei\u016bri, ir yra atsakingi u\u017e ma\u017eame\u010di\u0173 saugum\u0105 ir \u0161i\u0173 taisykli\u0173 laikym\u0105si.<\/li>\n<li>Papildomos vietos vie\u0161bu\u010dio kambariuose yra mokamos \u2013 15 \u20ac kiekvienam papildomam asmeniui.<\/li>\n<\/ul>\n<p>&nbsp;<\/p>\n<p><strong>PARKAVIMO VIETA<\/strong><\/p>\n<ul>\n<li>Vie\u0161bu\u010dio parkingas yra filmuojamas vaizdo kameromis. Parkingas n\u0117ra saugomas. Vie\u0161butis n\u0117ra atsakingas u\u017e ma\u0161inas ir daiktus, paliktus jose.<\/li>\n<li>Vie\u0161bu\u010dio teritorijoje esan\u010dios parkavimo vietos yra mokamos. Dieninis mokestis u\u017e parkavimo viet\u0105 yra 10 eur\u0173.<\/li>\n<\/ul>\n<p>&nbsp;<\/p>\n<p><strong>SPORTO SAL\u0116S NAUDOJIMO TAISYKL\u0116S<\/strong><\/p>\n<ul>\n<li>Prie\u0161 pradedant bet koki\u0105 veikl\u0105, rekomenduojame \u012fsivertinti bendr\u0105 sveikatos b\u016bkl\u0119;<\/li>\n<li>Treniruoklius naudokite tik pagal paskirt\u012f;<\/li>\n<li>B\u016bkite atid\u016bs lipdami ir nulipdami nuo treniruokli\u0173.<\/li>\n<li>Naudodamiesi treniruokliais, ned\u0117v\u0117kite laisv\u0173 ar nukarusi\u0173 drabu\u017ei\u0173 arba bat\u0173;<\/li>\n<li>Saugokite save ir savo turt\u0105 nuo judan\u010di\u0173 \u012frangos dali\u0173.<\/li>\n<li>Pasteb\u0117j\u0119 treniruokli\u0173 \u012frangos gedimus, prane\u0161kite apie tai vie\u0161bu\u010dio registrat\u016brai;<\/li>\n<\/ul>\n<p>Vaikams naudotis treniruokliais draud\u017eiama. Paaugliai ir ne\u012fgal\u016bs asmenys gali naudotis treniruokli\u0173 \u012franga tik pri\u017ei\u016brimi suaugusi\u0173j\u0173 arba kvalifikuot\u0173 treneri\u0173.<\/p>\n<p>&nbsp;<\/p>\n<p><strong>MAITINIMO PASLAUGOS<\/strong><\/p>\n<ul>\n<li>Pusry\u010diai vie\u0161bu\u010dio restorane patiekiami kiekvien\u0105 ryt\u0105 nuo 07:00 iki 10:00 val. (savaitgaliais 08:00 \u2013 11:00 val.).<\/li>\n<li>Pusry\u010diai \u012fskai\u010diuoti \u012f kambario kain\u0105 (yra i\u0161im\u010di\u0173).<\/li>\n<li>Priklausomai nuo sezono ir nenumatyt\u0173 aplinkybi\u0173, vie\u0161butis pasiliek\u0105 teis\u0119 pakeisti restorano darbo valandas.<\/li>\n<li>Restorane sve\u010diams su augintiniais lankytis draud\u017eiama.<\/li>\n<li>I\u0161vykstant anks\u010diau, nei 07:00 val., sve\u010diui pageidaujant, pateikiamos pusry\u010di\u0173 d\u0117\u017eut\u0117s. Sve\u010dias privalo informuoti vie\u0161bu\u010dio administracij\u0105 apie ankstyv\u0105 i\u0161vykim\u0105 dien\u0105 prie\u0161 iki 17:00 val.<\/li>\n<li>Vie\u0161bu\u010dio sve\u010diams pusry\u010di\u0173 metu draud\u017eiama i\u0161sine\u0161ti maist\u0105.<\/li>\n<\/ul>\n<p>&nbsp;<\/p>\n<p><strong>NUOSTOLI\u0172 \u012eKAINIAI<\/strong><\/p>\n<p>Vie\u0161bu\u010dio sve\u010dias privalo kompensuoti \u017eal\u0105, padaryt\u0105 vie\u0161bu\u010dio turtui. Pra\u0161ome sve\u010di\u0173 su vie\u0161bu\u010dio \u012franga elgtis atsakingai. Jeigu kiti sve\u010diai negali b\u016bti apgyvendinti kambaryje d\u0117l padarytos \u017ealos, \u017eal\u0105 padar\u0119s sve\u010dias tur\u0117s mok\u0117ti vis\u0105 kambario kain\u0105 \u017ealos \u0161alinimo laikotarpiu. \u017demiau rasite vie\u0161bu\u010dio \u012frangos kainyn\u0105:<\/p>\n<table style=\"width: 100%; max-width: 500px;\" border=\"1\" width=\"444\">\n<tbody>\n<tr>\n<td width=\"236\"><strong>SUGADINTA \u012eRANGA<\/strong><\/td>\n<td width=\"208\"><strong>KAINA, EUR<\/strong><\/td>\n<\/tr>\n<tr>\n<td width=\"236\">Kambario rakto kortel\u0117<\/td>\n<td width=\"208\">5.00 \u20ac<\/td>\n<\/tr>\n<tr>\n<td width=\"236\">U\u017euolaidos<\/td>\n<td width=\"208\">200.00 &#8211; 400.00 \u20ac *<\/td>\n<\/tr>\n<tr>\n<td width=\"236\">Naktin\u0117s u\u017euolaidos<\/td>\n<td width=\"208\">300.00 &#8211; 500.00 \u20ac *<\/td>\n<\/tr>\n<tr>\n<td width=\"236\">Lovos \u010diu\u017einys DVIGUBAS<\/td>\n<td width=\"208\">350.00 \u2013 400.00 \u20ac *<\/td>\n<\/tr>\n<tr>\n<td width=\"236\">Lovos \u010diu\u017einys DVIGUBAS (plonas)<\/td>\n<td width=\"208\">50.00 \u2013\u00a0 100.00 \u20ac *<\/td>\n<\/tr>\n<tr>\n<td width=\"236\">Lovos \u010diu\u017einys VIENGUBAS<\/td>\n<td width=\"208\">300.00 \u2013 350.00 \u20ac *<\/td>\n<\/tr>\n<tr>\n<td width=\"236\">Lovos \u010diu\u017einys VIENGUBAS (plonas)<\/td>\n<td width=\"208\">30.00 &#8211; 70.00 \u20ac *<\/td>\n<\/tr>\n<tr>\n<td width=\"236\">Antklod\u0117 DVIGUBA<\/td>\n<td width=\"208\">60.00 \u20ac<\/td>\n<\/tr>\n<tr>\n<td width=\"236\">Antklod\u0117 VIENGUBA<\/td>\n<td width=\"208\">30.00 \u20ac<\/td>\n<\/tr>\n<tr>\n<td width=\"236\">Pagalv\u0117<\/td>\n<td width=\"208\">20.00 \u20ac<\/td>\n<\/tr>\n<tr>\n<td width=\"236\">Vonios rank\u0161luostis<\/td>\n<td width=\"208\">10.00 \u20ac<\/td>\n<\/tr>\n<tr>\n<td width=\"236\">Rank\u0161luostis rankoms<\/td>\n<td width=\"208\">8.00\u00a0 \u20ac<\/td>\n<\/tr>\n<tr>\n<td width=\"236\">Rank\u0161luostis kojoms<\/td>\n<td width=\"208\">8.00\u00a0 \u20ac<\/td>\n<\/tr>\n<tr>\n<td width=\"236\">Chalatas<\/td>\n<td width=\"208\">30.00 \u20ac<\/td>\n<\/tr>\n<tr>\n<td width=\"236\">Stiklin\u0117<\/td>\n<td width=\"208\">5.00 \u20ac<\/td>\n<\/tr>\n<tr>\n<td width=\"236\">Puodelis<\/td>\n<td width=\"208\">2.00 \u20ac<\/td>\n<\/tr>\n<tr>\n<td width=\"236\">Telefonas<\/td>\n<td width=\"208\">20.00 \u20ac<\/td>\n<\/tr>\n<tr>\n<td width=\"236\">Televizorius<\/td>\n<td width=\"208\">400.00 \u2013 1000.00 \u20ac *<\/td>\n<\/tr>\n<tr>\n<td width=\"236\">Kavos ruo\u0161imo aparatas<\/td>\n<td width=\"208\">150.00 \u20ac<\/td>\n<\/tr>\n<tr>\n<td width=\"236\">Virdulys<\/td>\n<td width=\"208\">40.00 \u20ac<\/td>\n<\/tr>\n<tr>\n<td width=\"236\">K\u0117d\u0117<\/td>\n<td width=\"208\">100.00 \u2013 250.00 \u20ac *<\/td>\n<\/tr>\n<tr>\n<td width=\"236\">Drabu\u017ei\u0173 pakaba<\/td>\n<td width=\"208\">3.00 \u20ac<\/td>\n<\/tr>\n<tr>\n<td width=\"236\">Veidrodis kambaryje<\/td>\n<td width=\"208\">150.00 \u20ac<\/td>\n<\/tr>\n<tr>\n<td width=\"236\">Veidrodis vonios kambaryje<\/td>\n<td width=\"208\">200.00 \u20ac<\/td>\n<\/tr>\n<tr>\n<td width=\"236\">Stiklin\u0117 siena vonios kambaryje<\/td>\n<td width=\"208\">300.00 \u20ac<\/td>\n<\/tr>\n<tr>\n<td width=\"236\">Kilimas<\/td>\n<td width=\"208\">20.00 \u2013 300.00 \u20ac *<\/td>\n<\/tr>\n<tr>\n<td width=\"236\">Sofa<\/td>\n<td width=\"208\">1000.00\u00a0 4000.00 \u20ac *<\/td>\n<\/tr>\n<tr>\n<td width=\"236\">Langas kambaryje<\/td>\n<td width=\"208\">100.00 \u2013 1500.00 \u20ac *<\/td>\n<\/tr>\n<tr>\n<td width=\"236\">Stiklas kambario balkone<\/td>\n<td width=\"208\">100.00 \u2013 1500.00 \u20ac *<\/td>\n<\/tr>\n<tr>\n<td width=\"236\">Paveikslas<\/td>\n<td width=\"208\">150.00 \u2013 550.00 \u20ac *<\/td>\n<\/tr>\n<tr>\n<td width=\"236\">Stalas<\/td>\n<td width=\"208\">300.00 &#8211; 400.00 \u20ac *<\/td>\n<\/tr>\n<\/tbody>\n<\/table>\n<p>*Kompensacijos dydis priklauso nuo inventoriaus \u017ealos dyd\u017eio ir apskai\u010diuojamas individualiai.<\/p>\n<p>&nbsp;<\/p>\n<p><strong>PAREI\u0160KIMAI IR PRA\u0160YMAI<\/strong><\/p>\n<ul>\n<li>\u201eLoop\u201c vie\u0161bu\u010dio administracija visada laukia sve\u010di\u0173 pra\u0161ym\u0173 ir pasi\u016blym\u0173 d\u0117l teikiam\u0173 paslaug\u0173 kokyb\u0117s gerinimo. Galite pateikti juos el. pa\u0161tu: info@loophotel.aero<\/li>\n<li>\u012e sve\u010di\u0173 pasi\u016blymus ir skundus atsi\u017evelgiama per administracijos ir vadovyb\u0117s susirinkimuose nustatytus terminus.<\/li>\n<\/ul>\n<p>Vie\u0161butis \u201eLoop\u201c, rinkdamas, tvarkydamas ir saugodamas sve\u010di\u0173 pateiktus duomenis ir informacij\u0105, vadovaujasi Lietuvos Respublikos asmens duomen\u0173 teisin\u0117s apsaugos \u012fstatymu ir kitais teis\u0117s aktais, reglamentuojan\u010diais asmens duomen\u0173 rinkimo, tvarkymo ir saugojimo tvark\u0105.<\/p>\n","protected":false},"excerpt":{"rendered":"<p>\u201eLOOP\u201c VIE\u0160BU\u010cIO VIDAUS TVARKOS TAISYKL\u0116S \u0160ias vidaus tvarkos taisykles nustato UAB \u201eLoop Holding\u201c, vie\u0161bu\u010dio \u201eLoop\u201c, esan\u010dio Dariaus ir Gir\u0117no g. 21, Vilniuje, paslaug\u0173 teikimo tvarka ir s\u0105lygos. &nbsp; BENDROSIOS NUOSTATOS Vie\u0161butis \u201eLoop\u201c \u2013 tai poilsio vieta, kurioje teikiamos apgyvendinimo, maitinimo, konferencij\u0173, \u0161ven\u010di\u0173 ir kit\u0173 rengini\u0173 organizavimo paslaugos. Vie\u0161bu\u010dio sve\u010dias yra kiekvienas vie\u0161butyje \u201eLoop\u201c apgyvendintas ir [&hellip;]<\/p>\n","protected":false},"author":7,"featured_media":1327,"parent":0,"menu_order":0,"comment_status":"closed","ping_status":"closed","template":"","meta":{"_acf_changed":false,"footnotes":""},"class_list":["post-1191","page","type-page","status-publish","has-post-thumbnail","hentry"],"acf":[],"yoast_head":"<!-- This site is optimized with the Yoast SEO plugin v25.9 - https:\/\/yoast.com\/wordpress\/plugins\/seo\/ -->\n<title>Vidaus tvarkos taisykl\u0117s - Loop Hotel<\/title>\n<meta name=\"robots\" content=\"index, follow, max-snippet:-1, max-image-preview:large, max-video-preview:-1\" \/>\n<link rel=\"canonical\" href=\"https:\/\/www.loophotel.aero\/lt\/vidaus-tvarkos-taisykles\/\" \/>\n<meta property=\"og:locale\" content=\"lt_LT\" \/>\n<meta property=\"og:type\" content=\"article\" \/>\n<meta property=\"og:title\" content=\"Vidaus tvarkos taisykl\u0117s - Loop Hotel\" \/>\n<meta property=\"og:description\" content=\"\u201eLOOP\u201c VIE\u0160BU\u010cIO VIDAUS TVARKOS TAISYKL\u0116S \u0160ias vidaus tvarkos taisykles nustato UAB \u201eLoop Holding\u201c, vie\u0161bu\u010dio \u201eLoop\u201c, esan\u010dio Dariaus ir Gir\u0117no g. 21, Vilniuje, paslaug\u0173 teikimo tvarka ir s\u0105lygos. &nbsp; BENDROSIOS NUOSTATOS Vie\u0161butis \u201eLoop\u201c \u2013 tai poilsio vieta, kurioje teikiamos apgyvendinimo, maitinimo, konferencij\u0173, \u0161ven\u010di\u0173 ir kit\u0173 rengini\u0173 organizavimo paslaugos. Vie\u0161bu\u010dio sve\u010dias yra kiekvienas vie\u0161butyje \u201eLoop\u201c apgyvendintas ir [&hellip;]\" \/>\n<meta property=\"og:url\" content=\"https:\/\/www.loophotel.aero\/lt\/vidaus-tvarkos-taisykles\/\" \/>\n<meta property=\"og:site_name\" content=\"Loop Hotel\" \/>\n<meta property=\"article:modified_time\" content=\"2025-03-25T11:46:29+00:00\" \/>\n<meta property=\"og:image\" content=\"https:\/\/www.loophotel.aero\/wp-content\/uploads\/2025\/03\/dydis-1.png\" \/>\n\t<meta property=\"og:image:width\" content=\"1885\" \/>\n\t<meta property=\"og:image:height\" content=\"677\" \/>\n\t<meta property=\"og:image:type\" content=\"image\/png\" \/>\n<meta name=\"twitter:card\" content=\"summary_large_image\" \/>\n<meta name=\"twitter:label1\" content=\"Est. reading time\" \/>\n\t<meta name=\"twitter:data1\" content=\"7 minut\u0117s\" \/>\n<script type=\"application\/ld+json\" class=\"yoast-schema-graph\">{\"@context\":\"https:\/\/schema.org\",\"@graph\":[{\"@type\":\"WebPage\",\"@id\":\"https:\/\/www.loophotel.aero\/lt\/vidaus-tvarkos-taisykles\/\",\"url\":\"https:\/\/www.loophotel.aero\/lt\/vidaus-tvarkos-taisykles\/\",\"name\":\"Vidaus tvarkos taisykl\u0117s - Loop Hotel\",\"isPartOf\":{\"@id\":\"https:\/\/www.loophotel.aero\/lt\/#website\"},\"primaryImageOfPage\":{\"@id\":\"https:\/\/www.loophotel.aero\/lt\/vidaus-tvarkos-taisykles\/#primaryimage\"},\"image\":{\"@id\":\"https:\/\/www.loophotel.aero\/lt\/vidaus-tvarkos-taisykles\/#primaryimage\"},\"thumbnailUrl\":\"https:\/\/www.loophotel.aero\/wp-content\/uploads\/2025\/03\/dydis-1.png\",\"datePublished\":\"2023-11-20T13:35:15+00:00\",\"dateModified\":\"2025-03-25T11:46:29+00:00\",\"breadcrumb\":{\"@id\":\"https:\/\/www.loophotel.aero\/lt\/vidaus-tvarkos-taisykles\/#breadcrumb\"},\"inLanguage\":\"lt-LT\",\"potentialAction\":[{\"@type\":\"ReadAction\",\"target\":[\"https:\/\/www.loophotel.aero\/lt\/vidaus-tvarkos-taisykles\/\"]}]},{\"@type\":\"ImageObject\",\"inLanguage\":\"lt-LT\",\"@id\":\"https:\/\/www.loophotel.aero\/lt\/vidaus-tvarkos-taisykles\/#primaryimage\",\"url\":\"https:\/\/www.loophotel.aero\/wp-content\/uploads\/2025\/03\/dydis-1.png\",\"contentUrl\":\"https:\/\/www.loophotel.aero\/wp-content\/uploads\/2025\/03\/dydis-1.png\",\"width\":1885,\"height\":677},{\"@type\":\"BreadcrumbList\",\"@id\":\"https:\/\/www.loophotel.aero\/lt\/vidaus-tvarkos-taisykles\/#breadcrumb\",\"itemListElement\":[{\"@type\":\"ListItem\",\"position\":1,\"name\":\"Home\",\"item\":\"https:\/\/www.loophotel.aero\/lt\/\"},{\"@type\":\"ListItem\",\"position\":2,\"name\":\"Vidaus tvarkos taisykl\u0117s\"}]},{\"@type\":\"WebSite\",\"@id\":\"https:\/\/www.loophotel.aero\/lt\/#website\",\"url\":\"https:\/\/www.loophotel.aero\/lt\/\",\"name\":\"Loop Hotel\",\"description\":\"Hotel in Vilnius\",\"potentialAction\":[{\"@type\":\"SearchAction\",\"target\":{\"@type\":\"EntryPoint\",\"urlTemplate\":\"https:\/\/www.loophotel.aero\/lt\/?s={search_term_string}\"},\"query-input\":{\"@type\":\"PropertyValueSpecification\",\"valueRequired\":true,\"valueName\":\"search_term_string\"}}],\"inLanguage\":\"lt-LT\"}]}<\/script>\n<!-- \/ Yoast SEO plugin. -->","yoast_head_json":{"title":"Vidaus tvarkos taisykl\u0117s - Loop Hotel","robots":{"index":"index","follow":"follow","max-snippet":"max-snippet:-1","max-image-preview":"max-image-preview:large","max-video-preview":"max-video-preview:-1"},"canonical":"https:\/\/www.loophotel.aero\/lt\/vidaus-tvarkos-taisykles\/","og_locale":"lt_LT","og_type":"article","og_title":"Vidaus tvarkos taisykl\u0117s - Loop Hotel","og_description":"\u201eLOOP\u201c VIE\u0160BU\u010cIO VIDAUS TVARKOS TAISYKL\u0116S \u0160ias vidaus tvarkos taisykles nustato UAB \u201eLoop Holding\u201c, vie\u0161bu\u010dio \u201eLoop\u201c, esan\u010dio Dariaus ir Gir\u0117no g. 21, Vilniuje, paslaug\u0173 teikimo tvarka ir s\u0105lygos. &nbsp; BENDROSIOS NUOSTATOS Vie\u0161butis \u201eLoop\u201c \u2013 tai poilsio vieta, kurioje teikiamos apgyvendinimo, maitinimo, konferencij\u0173, \u0161ven\u010di\u0173 ir kit\u0173 rengini\u0173 organizavimo paslaugos. Vie\u0161bu\u010dio sve\u010dias yra kiekvienas vie\u0161butyje \u201eLoop\u201c apgyvendintas ir [&hellip;]","og_url":"https:\/\/www.loophotel.aero\/lt\/vidaus-tvarkos-taisykles\/","og_site_name":"Loop Hotel","article_modified_time":"2025-03-25T11:46:29+00:00","og_image":[{"width":1885,"height":677,"url":"https:\/\/www.loophotel.aero\/wp-content\/uploads\/2025\/03\/dydis-1.png","type":"image\/png"}],"twitter_card":"summary_large_image","twitter_misc":{"Est. reading time":"7 minut\u0117s"},"schema":{"@context":"https:\/\/schema.org","@graph":[{"@type":"WebPage","@id":"https:\/\/www.loophotel.aero\/lt\/vidaus-tvarkos-taisykles\/","url":"https:\/\/www.loophotel.aero\/lt\/vidaus-tvarkos-taisykles\/","name":"Vidaus tvarkos taisykl\u0117s - Loop Hotel","isPartOf":{"@id":"https:\/\/www.loophotel.aero\/lt\/#website"},"primaryImageOfPage":{"@id":"https:\/\/www.loophotel.aero\/lt\/vidaus-tvarkos-taisykles\/#primaryimage"},"image":{"@id":"https:\/\/www.loophotel.aero\/lt\/vidaus-tvarkos-taisykles\/#primaryimage"},"thumbnailUrl":"https:\/\/www.loophotel.aero\/wp-content\/uploads\/2025\/03\/dydis-1.png","datePublished":"2023-11-20T13:35:15+00:00","dateModified":"2025-03-25T11:46:29+00:00","breadcrumb":{"@id":"https:\/\/www.loophotel.aero\/lt\/vidaus-tvarkos-taisykles\/#breadcrumb"},"inLanguage":"lt-LT","potentialAction":[{"@type":"ReadAction","target":["https:\/\/www.loophotel.aero\/lt\/vidaus-tvarkos-taisykles\/"]}]},{"@type":"ImageObject","inLanguage":"lt-LT","@id":"https:\/\/www.loophotel.aero\/lt\/vidaus-tvarkos-taisykles\/#primaryimage","url":"https:\/\/www.loophotel.aero\/wp-content\/uploads\/2025\/03\/dydis-1.png","contentUrl":"https:\/\/www.loophotel.aero\/wp-content\/uploads\/2025\/03\/dydis-1.png","width":1885,"height":677},{"@type":"BreadcrumbList","@id":"https:\/\/www.loophotel.aero\/lt\/vidaus-tvarkos-taisykles\/#breadcrumb","itemListElement":[{"@type":"ListItem","position":1,"name":"Home","item":"https:\/\/www.loophotel.aero\/lt\/"},{"@type":"ListItem","position":2,"name":"Vidaus tvarkos taisykl\u0117s"}]},{"@type":"WebSite","@id":"https:\/\/www.loophotel.aero\/lt\/#website","url":"https:\/\/www.loophotel.aero\/lt\/","name":"Loop Hotel","description":"Hotel in Vilnius","potentialAction":[{"@type":"SearchAction","target":{"@type":"EntryPoint","urlTemplate":"https:\/\/www.loophotel.aero\/lt\/?s={search_term_string}"},"query-input":{"@type":"PropertyValueSpecification","valueRequired":true,"valueName":"search_term_string"}}],"inLanguage":"lt-LT"}]}},"_links":{"self":[{"href":"https:\/\/www.loophotel.aero\/lt\/wp-json\/wp\/v2\/pages\/1191","targetHints":{"allow":["GET"]}}],"collection":[{"href":"https:\/\/www.loophotel.aero\/lt\/wp-json\/wp\/v2\/pages"}],"about":[{"href":"https:\/\/www.loophotel.aero\/lt\/wp-json\/wp\/v2\/types\/page"}],"author":[{"embeddable":true,"href":"https:\/\/www.loophotel.aero\/lt\/wp-json\/wp\/v2\/users\/7"}],"replies":[{"embeddable":true,"href":"https:\/\/www.loophotel.aero\/lt\/wp-json\/wp\/v2\/comments?post=1191"}],"version-history":[{"count":5,"href":"https:\/\/www.loophotel.aero\/lt\/wp-json\/wp\/v2\/pages\/1191\/revisions"}],"predecessor-version":[{"id":1330,"href":"https:\/\/www.loophotel.aero\/lt\/wp-json\/wp\/v2\/pages\/1191\/revisions\/1330"}],"wp:featuredmedia":[{"embeddable":true,"href":"https:\/\/www.loophotel.aero\/lt\/wp-json\/wp\/v2\/media\/1327"}],"wp:attachment":[{"href":"https:\/\/www.loophotel.aero\/lt\/wp-json\/wp\/v2\/media?parent=1191"}],"curies":[{"name":"wp","href":"https:\/\/api.w.org\/{rel}","templated":true}]}}