{"id":1185,"date":"2021-09-28T13:08:15","date_gmt":"2021-09-28T13:08:15","guid":{"rendered":"https:\/\/www.loophotel.aero\/cookie-policy\/"},"modified":"2025-08-07T09:41:38","modified_gmt":"2025-08-07T06:41:38","slug":"slapuku-politika","status":"publish","type":"page","link":"https:\/\/www.loophotel.aero\/lt\/slapuku-politika\/","title":{"rendered":"Slapuk\u0173 politika"},"content":{"rendered":"<p>\u0160i Svetain\u0117 naudoja slapukus. Atkreipkite d\u0117mes\u012f, kad \u010dia vartojamos s\u0105vokos turi Svetain\u0117s naudojimo politikoje apra\u0161yt\u0105 reik\u0161m\u0119, jei nenurodyta kitaip. Slapuk\u0173 politika yra svarbi ir neatskiriama \u0161ios <a href=\"\/usage-policy\">Svetain\u0117s naudojimo politikos<\/a> dalis. Slapuk\u0173 naudojimo politika \u012fsigaliojo 2014 m. lapkri\u010dio 28 d.<\/p>\n<p>Paskutin\u0117s Slapuk\u0173 politikos per\u017ei\u016bros data: 2023 m. lapkri\u010dio 20 d.<\/p>\n<p>&nbsp;<\/p>\n<p><strong>1. KAS YRA SLAPUKAI?<\/strong><\/p>\n<p>1.1. Siekdami pagerinti J\u016bs\u0173 patirt\u012f lankantis Svetain\u0117je, naudojame slapukus \u2013 nedideles tekstin\u0117s informacijos dalis, kurios automati\u0161kai sukuriamos nar\u0161ant svetain\u0117je ir i\u0161saugomos J\u016bs\u0173 kompiuteryje ar kitame galiniame \u012frenginyje. Slapuk\u0173 surinkta informacija leid\u017eia suteikti Jums galimyb\u0119 nar\u0161yti patogiau, gauti patrauklesnius pasi\u016blymus, o mums \u2013 su\u017einoti daugiau apie svetain\u0117s naudotoj\u0173 elgsen\u0105, analizuoti tendencijas ir tobulinti svetain\u0119, J\u016bs\u0173 aptarnavim\u0105 ir Savinink\u0117s teikiamas paslaugas.<\/p>\n<p><strong>2. KOKIUS IR KAIP NAUDOJAME SLAPUKUS?<\/strong><\/p>\n<p>2.1. Slapukai \u012f J\u016bs\u0173 \u012frengin\u012f bus \u012fra\u0161omi tik gavus J\u016bs\u0173 sutikim\u0105, i\u0161skyrus slapukus, kurie yra b\u016btini techniniam svetain\u0117s veikimui. Norime pabr\u0117\u017eti \u2013 jeigu neleisite svetainei naudoti slapuk\u0173, kai kurios svetain\u0117s funkcijos gali i\u0161 dalies arba visi\u0161kai neveikti..<\/p>\n<p>2.2. Slapuk\u0173 naudojimo teisinis pagrindas yra teis\u0117tas Savinink\u0117s interesas u\u017etikrinti technin\u012f svetain\u0117s veikim\u0105. Kai slapukai naudojami J\u016bs\u0173 pageidavimams saugoti ir statistiniams duomenims rinkti, slapuk\u0173 naudojimo teisinis pagrindas yra J\u016bs\u0173 sutikimas.<\/p>\n<p>2.3. Informacij\u0105, kuri\u0105 renkame pasitelkdami slapukus, naudojama \u0161iems tikslams (Slapuk\u0173 apra\u0161ymas paskutin\u012f kart\u0105 atnaujintas 2023 m. lapkri\u010dio 20 d.):<\/p>\n<p><script type=\"text\/javascript\" charset=\"UTF-8\" data-cookiescriptreport=\"report\" src=\"\/\/report.cookie-script.com\/r\/5e1f458d351e180777239eea680e882c.js\"><\/script><\/p>\n<div>\n<div id=\"_com_1\">\n<p>&nbsp;<\/p>\n<div>\n<div>\n<p><strong>3. KAIP PAKEISTI SLAPUK\u0172 NUSTATYMUS<\/strong><\/p>\n<p>3.1. Bet kada galite pakeisti Slapuk\u0173 pasirinkimus spustel\u0117dami ant Slapuk\u0173 nustatym\u0173 piktogramos. Nustatymus galite keisti pa\u017eym\u0117dami esamus langelius arba panaikindami j\u0173 \u017eym\u0117jim\u0105 bei spustel\u0117dami \u201eSave and close\u201c (i\u0161saugoti ir u\u017edaryti). Gali tekti atnaujinti puslap\u012f, kad nustatymai \u012fsigaliot\u0173..<\/p>\n<p>3.2. Norint su\u017einoti apie slapukus daugiau, \u012fskaitant tai, kaip pa\u017ei\u016br\u0117ti, kokie slapukai naudojami, apsilankykite www.aboutcookies.org arba www.allaboutcookies.org.<\/p>\n<p>3.3. Be to, daugelis nar\u0161ykli\u0173 suteikia galimyb\u0119 valdyti daugum\u0105 slapuk\u0173 nar\u0161ykl\u0117s nustatymuose. Su\u017einokite, kaip elgtis su slapukais populiariose nar\u0161ykl\u0117se:<\/p>\n<p>Google Chrome<br \/>\nSafari (iPhone)<br \/>\nSafari (Mac)<br \/>\nMozilla Firefox<br \/>\nSamsung Internet (Mobiliajame telefone)<br \/>\nMicrosoft Edge<br \/>\nInternet Explorer<br \/>\nOpera<\/p>\n<p><strong>4. Kiek laiko duomenys bus saugomi?<\/strong><\/p>\n<p>4.1. Slapuk\u0173 saugojimo laikotarpius galite per\u017ei\u016br\u0117ti \u0161ios politikos slapuk\u0173 s\u0105ra\u0161e (pirmiau). J\u016bs\u0173 sutikimas naudoti slapukus galioja \u0161e\u0161is (6) m\u0117nesius.<\/p>\n<p><strong>5. DAUGIAU INFORMACIJOS APIE SLAPUKUS<\/strong><\/p>\n<p>5.1 Jei norite atsisakyti \u201eGoogle Analytics\u201c sekimo visose svetain\u0117se, apsilankykite <a href=\"http:\/\/tools.google.com\/dlpage\/gaoptout\">http:\/\/tools.google.com\/dlpage\/gaoptout<\/a>.<\/p>\n<\/div>\n<\/div>\n<\/div>\n<\/div>\n","protected":false},"excerpt":{"rendered":"<p>\u0160i Svetain\u0117 naudoja slapukus. Atkreipkite d\u0117mes\u012f, kad \u010dia vartojamos s\u0105vokos turi Svetain\u0117s naudojimo politikoje apra\u0161yt\u0105 reik\u0161m\u0119, jei nenurodyta kitaip. Slapuk\u0173 politika yra svarbi ir neatskiriama \u0161ios Svetain\u0117s naudojimo politikos dalis. Slapuk\u0173 naudojimo politika \u012fsigaliojo 2014 m. lapkri\u010dio 28 d. Paskutin\u0117s Slapuk\u0173 politikos per\u017ei\u016bros data: 2023 m. lapkri\u010dio 20 d. &nbsp; 1. KAS YRA SLAPUKAI? 1.1. [&hellip;]<\/p>\n","protected":false},"author":1,"featured_media":869,"parent":0,"menu_order":0,"comment_status":"closed","ping_status":"closed","template":"","meta":{"_acf_changed":false,"footnotes":""},"class_list":["post-1185","page","type-page","status-publish","has-post-thumbnail","hentry"],"acf":[],"yoast_head":"<!-- This site is optimized with the Yoast SEO plugin v25.9 - https:\/\/yoast.com\/wordpress\/plugins\/seo\/ -->\n<title>Slapuk\u0173 politika - Loop Hotel<\/title>\n<meta name=\"robots\" content=\"index, follow, max-snippet:-1, max-image-preview:large, max-video-preview:-1\" \/>\n<link rel=\"canonical\" href=\"https:\/\/www.loophotel.aero\/lt\/slapuku-politika\/\" \/>\n<meta property=\"og:locale\" content=\"lt_LT\" \/>\n<meta property=\"og:type\" content=\"article\" \/>\n<meta property=\"og:title\" content=\"Slapuk\u0173 politika - Loop Hotel\" \/>\n<meta property=\"og:description\" content=\"\u0160i Svetain\u0117 naudoja slapukus. Atkreipkite d\u0117mes\u012f, kad \u010dia vartojamos s\u0105vokos turi Svetain\u0117s naudojimo politikoje apra\u0161yt\u0105 reik\u0161m\u0119, jei nenurodyta kitaip. Slapuk\u0173 politika yra svarbi ir neatskiriama \u0161ios Svetain\u0117s naudojimo politikos dalis. Slapuk\u0173 naudojimo politika \u012fsigaliojo 2014 m. lapkri\u010dio 28 d. Paskutin\u0117s Slapuk\u0173 politikos per\u017ei\u016bros data: 2023 m. lapkri\u010dio 20 d. &nbsp; 1. KAS YRA SLAPUKAI? 1.1. [&hellip;]\" \/>\n<meta property=\"og:url\" content=\"https:\/\/www.loophotel.aero\/lt\/slapuku-politika\/\" \/>\n<meta property=\"og:site_name\" content=\"Loop Hotel\" \/>\n<meta property=\"article:modified_time\" content=\"2025-08-07T06:41:38+00:00\" \/>\n<meta property=\"og:image\" content=\"https:\/\/www.loophotel.aero\/wp-content\/uploads\/2022\/04\/Loop-Hotel-Vilnius1.jpg\" \/>\n\t<meta property=\"og:image:width\" content=\"1920\" \/>\n\t<meta property=\"og:image:height\" content=\"1002\" \/>\n\t<meta property=\"og:image:type\" content=\"image\/jpeg\" \/>\n<meta name=\"twitter:card\" content=\"summary_large_image\" \/>\n<meta name=\"twitter:label1\" content=\"Est. reading time\" \/>\n\t<meta name=\"twitter:data1\" content=\"2 minut\u0117s\" \/>\n<script type=\"application\/ld+json\" class=\"yoast-schema-graph\">{\"@context\":\"https:\/\/schema.org\",\"@graph\":[{\"@type\":\"WebPage\",\"@id\":\"https:\/\/www.loophotel.aero\/lt\/slapuku-politika\/\",\"url\":\"https:\/\/www.loophotel.aero\/lt\/slapuku-politika\/\",\"name\":\"Slapuk\u0173 politika - Loop Hotel\",\"isPartOf\":{\"@id\":\"https:\/\/www.loophotel.aero\/lt\/#website\"},\"primaryImageOfPage\":{\"@id\":\"https:\/\/www.loophotel.aero\/lt\/slapuku-politika\/#primaryimage\"},\"image\":{\"@id\":\"https:\/\/www.loophotel.aero\/lt\/slapuku-politika\/#primaryimage\"},\"thumbnailUrl\":\"https:\/\/www.loophotel.aero\/wp-content\/uploads\/2022\/04\/Loop-Hotel-Vilnius1.jpg\",\"datePublished\":\"2021-09-28T13:08:15+00:00\",\"dateModified\":\"2025-08-07T06:41:38+00:00\",\"breadcrumb\":{\"@id\":\"https:\/\/www.loophotel.aero\/lt\/slapuku-politika\/#breadcrumb\"},\"inLanguage\":\"lt-LT\",\"potentialAction\":[{\"@type\":\"ReadAction\",\"target\":[\"https:\/\/www.loophotel.aero\/lt\/slapuku-politika\/\"]}]},{\"@type\":\"ImageObject\",\"inLanguage\":\"lt-LT\",\"@id\":\"https:\/\/www.loophotel.aero\/lt\/slapuku-politika\/#primaryimage\",\"url\":\"https:\/\/www.loophotel.aero\/wp-content\/uploads\/2022\/04\/Loop-Hotel-Vilnius1.jpg\",\"contentUrl\":\"https:\/\/www.loophotel.aero\/wp-content\/uploads\/2022\/04\/Loop-Hotel-Vilnius1.jpg\",\"width\":1920,\"height\":1002},{\"@type\":\"BreadcrumbList\",\"@id\":\"https:\/\/www.loophotel.aero\/lt\/slapuku-politika\/#breadcrumb\",\"itemListElement\":[{\"@type\":\"ListItem\",\"position\":1,\"name\":\"Home\",\"item\":\"https:\/\/www.loophotel.aero\/lt\/\"},{\"@type\":\"ListItem\",\"position\":2,\"name\":\"Slapuk\u0173 politika\"}]},{\"@type\":\"WebSite\",\"@id\":\"https:\/\/www.loophotel.aero\/lt\/#website\",\"url\":\"https:\/\/www.loophotel.aero\/lt\/\",\"name\":\"Loop Hotel\",\"description\":\"Hotel in Vilnius\",\"potentialAction\":[{\"@type\":\"SearchAction\",\"target\":{\"@type\":\"EntryPoint\",\"urlTemplate\":\"https:\/\/www.loophotel.aero\/lt\/?s={search_term_string}\"},\"query-input\":{\"@type\":\"PropertyValueSpecification\",\"valueRequired\":true,\"valueName\":\"search_term_string\"}}],\"inLanguage\":\"lt-LT\"}]}<\/script>\n<!-- \/ Yoast SEO plugin. -->","yoast_head_json":{"title":"Slapuk\u0173 politika - Loop Hotel","robots":{"index":"index","follow":"follow","max-snippet":"max-snippet:-1","max-image-preview":"max-image-preview:large","max-video-preview":"max-video-preview:-1"},"canonical":"https:\/\/www.loophotel.aero\/lt\/slapuku-politika\/","og_locale":"lt_LT","og_type":"article","og_title":"Slapuk\u0173 politika - Loop Hotel","og_description":"\u0160i Svetain\u0117 naudoja slapukus. Atkreipkite d\u0117mes\u012f, kad \u010dia vartojamos s\u0105vokos turi Svetain\u0117s naudojimo politikoje apra\u0161yt\u0105 reik\u0161m\u0119, jei nenurodyta kitaip. Slapuk\u0173 politika yra svarbi ir neatskiriama \u0161ios Svetain\u0117s naudojimo politikos dalis. Slapuk\u0173 naudojimo politika \u012fsigaliojo 2014 m. lapkri\u010dio 28 d. Paskutin\u0117s Slapuk\u0173 politikos per\u017ei\u016bros data: 2023 m. lapkri\u010dio 20 d. &nbsp; 1. KAS YRA SLAPUKAI? 1.1. [&hellip;]","og_url":"https:\/\/www.loophotel.aero\/lt\/slapuku-politika\/","og_site_name":"Loop Hotel","article_modified_time":"2025-08-07T06:41:38+00:00","og_image":[{"width":1920,"height":1002,"url":"https:\/\/www.loophotel.aero\/wp-content\/uploads\/2022\/04\/Loop-Hotel-Vilnius1.jpg","type":"image\/jpeg"}],"twitter_card":"summary_large_image","twitter_misc":{"Est. reading time":"2 minut\u0117s"},"schema":{"@context":"https:\/\/schema.org","@graph":[{"@type":"WebPage","@id":"https:\/\/www.loophotel.aero\/lt\/slapuku-politika\/","url":"https:\/\/www.loophotel.aero\/lt\/slapuku-politika\/","name":"Slapuk\u0173 politika - Loop Hotel","isPartOf":{"@id":"https:\/\/www.loophotel.aero\/lt\/#website"},"primaryImageOfPage":{"@id":"https:\/\/www.loophotel.aero\/lt\/slapuku-politika\/#primaryimage"},"image":{"@id":"https:\/\/www.loophotel.aero\/lt\/slapuku-politika\/#primaryimage"},"thumbnailUrl":"https:\/\/www.loophotel.aero\/wp-content\/uploads\/2022\/04\/Loop-Hotel-Vilnius1.jpg","datePublished":"2021-09-28T13:08:15+00:00","dateModified":"2025-08-07T06:41:38+00:00","breadcrumb":{"@id":"https:\/\/www.loophotel.aero\/lt\/slapuku-politika\/#breadcrumb"},"inLanguage":"lt-LT","potentialAction":[{"@type":"ReadAction","target":["https:\/\/www.loophotel.aero\/lt\/slapuku-politika\/"]}]},{"@type":"ImageObject","inLanguage":"lt-LT","@id":"https:\/\/www.loophotel.aero\/lt\/slapuku-politika\/#primaryimage","url":"https:\/\/www.loophotel.aero\/wp-content\/uploads\/2022\/04\/Loop-Hotel-Vilnius1.jpg","contentUrl":"https:\/\/www.loophotel.aero\/wp-content\/uploads\/2022\/04\/Loop-Hotel-Vilnius1.jpg","width":1920,"height":1002},{"@type":"BreadcrumbList","@id":"https:\/\/www.loophotel.aero\/lt\/slapuku-politika\/#breadcrumb","itemListElement":[{"@type":"ListItem","position":1,"name":"Home","item":"https:\/\/www.loophotel.aero\/lt\/"},{"@type":"ListItem","position":2,"name":"Slapuk\u0173 politika"}]},{"@type":"WebSite","@id":"https:\/\/www.loophotel.aero\/lt\/#website","url":"https:\/\/www.loophotel.aero\/lt\/","name":"Loop Hotel","description":"Hotel in Vilnius","potentialAction":[{"@type":"SearchAction","target":{"@type":"EntryPoint","urlTemplate":"https:\/\/www.loophotel.aero\/lt\/?s={search_term_string}"},"query-input":{"@type":"PropertyValueSpecification","valueRequired":true,"valueName":"search_term_string"}}],"inLanguage":"lt-LT"}]}},"_links":{"self":[{"href":"https:\/\/www.loophotel.aero\/lt\/wp-json\/wp\/v2\/pages\/1185","targetHints":{"allow":["GET"]}}],"collection":[{"href":"https:\/\/www.loophotel.aero\/lt\/wp-json\/wp\/v2\/pages"}],"about":[{"href":"https:\/\/www.loophotel.aero\/lt\/wp-json\/wp\/v2\/types\/page"}],"author":[{"embeddable":true,"href":"https:\/\/www.loophotel.aero\/lt\/wp-json\/wp\/v2\/users\/1"}],"replies":[{"embeddable":true,"href":"https:\/\/www.loophotel.aero\/lt\/wp-json\/wp\/v2\/comments?post=1185"}],"version-history":[{"count":3,"href":"https:\/\/www.loophotel.aero\/lt\/wp-json\/wp\/v2\/pages\/1185\/revisions"}],"predecessor-version":[{"id":1360,"href":"https:\/\/www.loophotel.aero\/lt\/wp-json\/wp\/v2\/pages\/1185\/revisions\/1360"}],"wp:featuredmedia":[{"embeddable":true,"href":"https:\/\/www.loophotel.aero\/lt\/wp-json\/wp\/v2\/media\/869"}],"wp:attachment":[{"href":"https:\/\/www.loophotel.aero\/lt\/wp-json\/wp\/v2\/media?parent=1185"}],"curies":[{"name":"wp","href":"https:\/\/api.w.org\/{rel}","templated":true}]}}